{"id":1033,"date":"2023-04-28T01:08:43","date_gmt":"2023-04-28T04:08:43","guid":{"rendered":"https:\/\/hoteltahatai.cl\/dev\/?page_id=1033"},"modified":"2023-05-23T15:16:48","modified_gmt":"2023-05-23T18:16:48","slug":"politicias-de-cancelacion","status":"publish","type":"page","link":"https:\/\/hoteltahatai.cl\/en\/politicias-de-cancelacion\/","title":{"rendered":"Politicias de Cancelaci\u00f3n"},"content":{"rendered":"<p>&nbsp;<\/p>\n<div class=\"wpb_text_column wpb_content_element  vc_custom_1684769224724\">\n<div class=\"wpb_wrapper\">\n<h5>POLITICA DE CANCELACI\u00d3N<\/h5>\n<\/div>\n<\/div>\n<p class=\"vc_custom_heading\">Para la anulaci\u00f3n de su reserva, usted puede solicitar el reembolso del 100% si realiza la solicitud con 7 d\u00edas de antelaci\u00f3n al d\u00eda uno de su reserva. El reembolso ser\u00e1 transferido dentro de los siguientes 60 d\u00edas, una vez recepcionada su solicitud. Si usted cancela su reserva con menos de 7 d\u00edas de antelaci\u00f3n a la fecha, debe realizar el pago del 100% de la estad\u00eda.<\/p>","protected":false},"excerpt":{"rendered":"<p>&nbsp; POLITICA DE CANCELACI\u00d3N Para la anulaci\u00f3n de su reserva, usted puede solicitar el reembolso del 100% si&#8230;<\/p>","protected":false},"author":1,"featured_media":0,"parent":0,"menu_order":0,"comment_status":"closed","ping_status":"closed","template":"","meta":[],"yoast_head":"<!-- This site is optimized with the Yoast SEO Premium plugin v16.5 (Yoast SEO v21.0) - https:\/\/yoast.com\/wordpress\/plugins\/seo\/ -->\n<title>Politicias de Cancelaci\u00f3n - HOTEL TAHA TAI<\/title>\n<meta name=\"robots\" content=\"index, follow, max-snippet:-1, max-image-preview:large, max-video-preview:-1\" \/>\n<link rel=\"canonical\" href=\"https:\/\/hoteltahatai.cl\/en\/politicias-de-cancelacion\/\" \/>\n<meta property=\"og:locale\" content=\"en_US\" \/>\n<meta property=\"og:type\" content=\"article\" \/>\n<meta property=\"og:title\" content=\"Politicias de Cancelaci\u00f3n\" \/>\n<meta property=\"og:description\" content=\"&nbsp; POLITICA DE CANCELACI\u00d3N Para la anulaci\u00f3n de su reserva, usted puede solicitar el reembolso del 100% si...\" \/>\n<meta property=\"og:url\" content=\"https:\/\/hoteltahatai.cl\/en\/politicias-de-cancelacion\/\" \/>\n<meta property=\"og:site_name\" content=\"HOTEL TAHA TAI\" \/>\n<meta property=\"article:modified_time\" content=\"2023-05-23T18:16:48+00:00\" \/>\n<meta name=\"twitter:card\" content=\"summary_large_image\" \/>\n<script type=\"application\/ld+json\" class=\"yoast-schema-graph\">{\"@context\":\"https:\/\/schema.org\",\"@graph\":[{\"@type\":\"WebPage\",\"@id\":\"https:\/\/hoteltahatai.cl\/politicias-de-cancelacion\/\",\"url\":\"https:\/\/hoteltahatai.cl\/politicias-de-cancelacion\/\",\"name\":\"Politicias de Cancelaci\u00f3n - HOTEL TAHA TAI\",\"isPartOf\":{\"@id\":\"https:\/\/hoteltahatai.cl\/#website\"},\"datePublished\":\"2023-04-28T04:08:43+00:00\",\"dateModified\":\"2023-05-23T18:16:48+00:00\",\"breadcrumb\":{\"@id\":\"https:\/\/hoteltahatai.cl\/politicias-de-cancelacion\/#breadcrumb\"},\"inLanguage\":\"en-US\",\"potentialAction\":[{\"@type\":\"ReadAction\",\"target\":[\"https:\/\/hoteltahatai.cl\/politicias-de-cancelacion\/\"]}]},{\"@type\":\"BreadcrumbList\",\"@id\":\"https:\/\/hoteltahatai.cl\/politicias-de-cancelacion\/#breadcrumb\",\"itemListElement\":[{\"@type\":\"ListItem\",\"position\":1,\"name\":\"Portada\",\"item\":\"https:\/\/hoteltahatai.cl\/\"},{\"@type\":\"ListItem\",\"position\":2,\"name\":\"Politicias de Cancelaci\u00f3n\"}]},{\"@type\":\"WebSite\",\"@id\":\"https:\/\/hoteltahatai.cl\/#website\",\"url\":\"https:\/\/hoteltahatai.cl\/\",\"name\":\"HOTEL TAHA TAI\",\"description\":\"El hotel Taha Tai  est\u00e1 ubicado cerca de la peque\u00f1a playa del Pea a la orilla del mar.\",\"potentialAction\":[{\"@type\":\"SearchAction\",\"target\":{\"@type\":\"EntryPoint\",\"urlTemplate\":\"https:\/\/hoteltahatai.cl\/?s={search_term_string}\"},\"query-input\":\"required name=search_term_string\"}],\"inLanguage\":\"en-US\"}]}<\/script>\n<!-- \/ Yoast SEO Premium plugin. -->","yoast_head_json":{"title":"Politicias de Cancelaci\u00f3n - HOTEL TAHA TAI","robots":{"index":"index","follow":"follow","max-snippet":"max-snippet:-1","max-image-preview":"max-image-preview:large","max-video-preview":"max-video-preview:-1"},"canonical":"https:\/\/hoteltahatai.cl\/en\/politicias-de-cancelacion\/","og_locale":"en_US","og_type":"article","og_title":"Politicias de Cancelaci\u00f3n","og_description":"&nbsp; POLITICA DE CANCELACI\u00d3N Para la anulaci\u00f3n de su reserva, usted puede solicitar el reembolso del 100% si...","og_url":"https:\/\/hoteltahatai.cl\/en\/politicias-de-cancelacion\/","og_site_name":"HOTEL TAHA TAI","article_modified_time":"2023-05-23T18:16:48+00:00","twitter_card":"summary_large_image","schema":{"@context":"https:\/\/schema.org","@graph":[{"@type":"WebPage","@id":"https:\/\/hoteltahatai.cl\/politicias-de-cancelacion\/","url":"https:\/\/hoteltahatai.cl\/politicias-de-cancelacion\/","name":"Politicias de Cancelaci\u00f3n - HOTEL TAHA TAI","isPartOf":{"@id":"https:\/\/hoteltahatai.cl\/#website"},"datePublished":"2023-04-28T04:08:43+00:00","dateModified":"2023-05-23T18:16:48+00:00","breadcrumb":{"@id":"https:\/\/hoteltahatai.cl\/politicias-de-cancelacion\/#breadcrumb"},"inLanguage":"en-US","potentialAction":[{"@type":"ReadAction","target":["https:\/\/hoteltahatai.cl\/politicias-de-cancelacion\/"]}]},{"@type":"BreadcrumbList","@id":"https:\/\/hoteltahatai.cl\/politicias-de-cancelacion\/#breadcrumb","itemListElement":[{"@type":"ListItem","position":1,"name":"Portada","item":"https:\/\/hoteltahatai.cl\/"},{"@type":"ListItem","position":2,"name":"Politicias de Cancelaci\u00f3n"}]},{"@type":"WebSite","@id":"https:\/\/hoteltahatai.cl\/#website","url":"https:\/\/hoteltahatai.cl\/","name":"HOTEL TAHA TAI","description":"El hotel Taha Tai  est\u00e1 ubicado cerca de la peque\u00f1a playa del Pea a la orilla del mar.","potentialAction":[{"@type":"SearchAction","target":{"@type":"EntryPoint","urlTemplate":"https:\/\/hoteltahatai.cl\/?s={search_term_string}"},"query-input":"required name=search_term_string"}],"inLanguage":"en-US"}]}},"_links":{"self":[{"href":"https:\/\/hoteltahatai.cl\/en\/wp-json\/wp\/v2\/pages\/1033"}],"collection":[{"href":"https:\/\/hoteltahatai.cl\/en\/wp-json\/wp\/v2\/pages"}],"about":[{"href":"https:\/\/hoteltahatai.cl\/en\/wp-json\/wp\/v2\/types\/page"}],"author":[{"embeddable":true,"href":"https:\/\/hoteltahatai.cl\/en\/wp-json\/wp\/v2\/users\/1"}],"replies":[{"embeddable":true,"href":"https:\/\/hoteltahatai.cl\/en\/wp-json\/wp\/v2\/comments?post=1033"}],"version-history":[{"count":3,"href":"https:\/\/hoteltahatai.cl\/en\/wp-json\/wp\/v2\/pages\/1033\/revisions"}],"predecessor-version":[{"id":1627,"href":"https:\/\/hoteltahatai.cl\/en\/wp-json\/wp\/v2\/pages\/1033\/revisions\/1627"}],"wp:attachment":[{"href":"https:\/\/hoteltahatai.cl\/en\/wp-json\/wp\/v2\/media?parent=1033"}],"curies":[{"name":"wp","href":"https:\/\/api.w.org\/{rel}","templated":true}]}}